{"id":7255,"date":"2025-09-30T12:12:43","date_gmt":"2025-09-30T12:12:43","guid":{"rendered":"https:\/\/shop-admin.mi-backup.ch\/produkt\/flyer-zur-wundertaetigen-medaille\/"},"modified":"2025-09-30T12:12:43","modified_gmt":"2025-09-30T12:12:43","slug":"flyer-zur-wundertaetigen-medaille","status":"publish","type":"product","link":"https:\/\/shop-admin.mi-backup.ch\/en\/produkt\/flyer-zur-wundertaetigen-medaille\/","title":{"rendered":"Flyer zur Wundert\u00e4tigen Medaille"},"content":{"rendered":"<p>Dieses Faltblatt (Gr\u00f6\u00dfe DIN A7) ist als Begleitflugblatt zur Wundert\u00e4tigen Medaille geeignet. Es erkl\u00e4rt in wenigen Worten den Ursprung und die Bedeutung dieses Gnadenmittels. <\/p>\n<p>W\u00fcnschen Sie es in einer weiteren Sprache? Nehmen Sie bitte mit uns Kontakt auf. <\/p>\n","protected":false},"excerpt":{"rendered":"<p>Dieses Faltblatt (Gr\u00f6\u00dfe DIN A7) ist als Begleitflugblatt zur Wundert\u00e4tigen Medaille geeignet. Es erkl\u00e4rt in wenigen Worten den Ursprung und die Bedeutung dieses Gnadenmittels. W\u00fcnschen Sie es in einer weiteren Sprache? Nehmen Sie bitte mit uns Kontakt auf.<\/p>\n","protected":false},"featured_media":5549,"comment_status":"closed","ping_status":"closed","template":"","meta":[],"product_brand":[],"product_cat":[153,154],"product_tag":[],"class_list":{"0":"post-7255","1":"product","2":"type-product","3":"status-publish","4":"has-post-thumbnail","6":"product_cat-flyer-und-gebetszettel-en","7":"product_cat-wundertaetige-medaille-en","9":"first","10":"instock","11":"shipping-taxable","12":"purchasable","13":"product-type-variable"},"_links":{"self":[{"href":"https:\/\/shop-admin.mi-backup.ch\/en\/wp-json\/wp\/v2\/product\/7255","targetHints":{"allow":["GET"]}}],"collection":[{"href":"https:\/\/shop-admin.mi-backup.ch\/en\/wp-json\/wp\/v2\/product"}],"about":[{"href":"https:\/\/shop-admin.mi-backup.ch\/en\/wp-json\/wp\/v2\/types\/product"}],"replies":[{"embeddable":true,"href":"https:\/\/shop-admin.mi-backup.ch\/en\/wp-json\/wp\/v2\/comments?post=7255"}],"wp:featuredmedia":[{"embeddable":true,"href":"https:\/\/shop-admin.mi-backup.ch\/en\/wp-json\/wp\/v2\/media\/5549"}],"wp:attachment":[{"href":"https:\/\/shop-admin.mi-backup.ch\/en\/wp-json\/wp\/v2\/media?parent=7255"}],"wp:term":[{"taxonomy":"product_brand","embeddable":true,"href":"https:\/\/shop-admin.mi-backup.ch\/en\/wp-json\/wp\/v2\/product_brand?post=7255"},{"taxonomy":"product_cat","embeddable":true,"href":"https:\/\/shop-admin.mi-backup.ch\/en\/wp-json\/wp\/v2\/product_cat?post=7255"},{"taxonomy":"product_tag","embeddable":true,"href":"https:\/\/shop-admin.mi-backup.ch\/en\/wp-json\/wp\/v2\/product_tag?post=7255"}],"curies":[{"name":"wp","href":"https:\/\/api.w.org\/{rel}","templated":true}]}}